{"id":164,"date":"2015-08-02T16:27:59","date_gmt":"2015-08-02T14:27:59","guid":{"rendered":"https:\/\/johannestwielemeier.de\/jtneu\/?page_id=164"},"modified":"2022-12-05T00:27:09","modified_gmt":"2022-12-04T23:27:09","slug":"haus-garten","status":"publish","type":"page","link":"https:\/\/johannestwielemeier.de\/?page_id=164","title":{"rendered":"Haus &#038; Garten"},"content":{"rendered":"<section class=\"wpb-content-wrapper\"><p>[vc_row css=&#8220;.vc_custom_1438343814031{background-color: #edece4 !important;}&#8220;][vc_column width=&#8220;1\/3&#8243; css=&#8220;.vc_custom_1550008284185{margin-top: 0px !important;margin-right: 0px !important;margin-bottom: 0px !important;margin-left: 0px !important;border-top-width: 0px !important;border-right-width: 0px !important;border-bottom-width: 0px !important;border-left-width: 0px !important;padding-top: 0px !important;padding-right: 0px !important;padding-bottom: 0px !important;padding-left: 0px !important;}&#8220;][vc_single_image image=&#8220;619&#8243; img_size=&#8220;full&#8220; alignment=&#8220;center&#8220; el_class=&#8220;imagefull&#8220;][\/vc_column][vc_column width=&#8220;2\/3&#8243;][vc_empty_space height=&#8220;20px&#8220;][vc_column_text el_class=&#8220;textblock&#8220; css=&#8220;.vc_custom_1462208696192{padding-top: 20px !important;padding-right: 20px !important;}&#8220;]<\/p>\n<h1>Steinobjekte f\u00fcr Haus, Garten und \u00f6ffentlichen Raum<\/h1>\n<p>Das Entwerfen von Grabmalen geh\u00f6rt sicher zu den Schwerpunkten meiner Werkstatt, aber verschiedene Anfragen und daraus resultierende Auftr\u00e4ge haben mein Bet\u00e4tigungsfeld in den letzten Jahren deutlich erweitert.<\/p>\n<p>In Zusammenarbeit mit Architekten wurden Steinarbeiten f\u00fcr Kirchen realisiert, und in Kooperationen mit Landschaftsg\u00e4rtnern sind Steinobjekte sowohl f\u00fcr den \u00f6ffentlichen Raum als auch f\u00fcr den privaten Garten entstanden. Dazu geh\u00f6ren zum Beispiel ein Waschbecken aus Stein, Sitzm\u00f6bel f\u00fcr die Terrasse oder ein Brunnen f\u00fcr einen Klostergarten. In der Kombination mit Wasser entfaltet der Werkstoff Naturstein seine ganz besonderen Qualit\u00e4ten. Ich m\u00f6chte einige der bisher von mir realisierten Projekte vorstellen und Sie gleichzeitig dazu einladen, mir Ihre Ideen mitzuteilen.[\/vc_column_text][vc_column_text el_class=&#8220;textblock&#8220; css=&#8220;.vc_custom_1670196428193{padding-top: 20px !important;padding-right: 20px !important;}&#8220;]<a class=\"portfolio\" href=\"https:\/\/johannestwielemeier.de\/?page_id=1215\">Zu den Objekten<\/a>[\/vc_column_text][\/vc_column][\/vc_row]<\/p>\n<\/section>","protected":false},"excerpt":{"rendered":"<p>[vc_row css=&#8220;.vc_custom_1438343814031{background-color: #edece4 !important;}&#8220;][vc_column width=&#8220;1\/3&#8243; css=&#8220;.vc_custom_1550008284185{margin-top: 0px !important;margin-right: 0px !important;margin-bottom: 0px !important;margin-left: 0px !important;border-top-width: 0px !important;border-right-width:&hellip;<\/p>\n","protected":false},"author":1,"featured_media":0,"parent":0,"menu_order":0,"comment_status":"closed","ping_status":"open","template":"","meta":[],"_links":{"self":[{"href":"https:\/\/johannestwielemeier.de\/index.php?rest_route=\/wp\/v2\/pages\/164"}],"collection":[{"href":"https:\/\/johannestwielemeier.de\/index.php?rest_route=\/wp\/v2\/pages"}],"about":[{"href":"https:\/\/johannestwielemeier.de\/index.php?rest_route=\/wp\/v2\/types\/page"}],"author":[{"embeddable":true,"href":"https:\/\/johannestwielemeier.de\/index.php?rest_route=\/wp\/v2\/users\/1"}],"replies":[{"embeddable":true,"href":"https:\/\/johannestwielemeier.de\/index.php?rest_route=%2Fwp%2Fv2%2Fcomments&post=164"}],"version-history":[{"count":15,"href":"https:\/\/johannestwielemeier.de\/index.php?rest_route=\/wp\/v2\/pages\/164\/revisions"}],"predecessor-version":[{"id":1218,"href":"https:\/\/johannestwielemeier.de\/index.php?rest_route=\/wp\/v2\/pages\/164\/revisions\/1218"}],"wp:attachment":[{"href":"https:\/\/johannestwielemeier.de\/index.php?rest_route=%2Fwp%2Fv2%2Fmedia&parent=164"}],"curies":[{"name":"wp","href":"https:\/\/api.w.org\/{rel}","templated":true}]}}