{"id":155,"date":"2015-08-02T16:11:28","date_gmt":"2015-08-02T14:11:28","guid":{"rendered":"https:\/\/johannestwielemeier.de\/jtneu\/?page_id=155"},"modified":"2019-02-12T22:51:41","modified_gmt":"2019-02-12T21:51:41","slug":"philosophie","status":"publish","type":"page","link":"https:\/\/johannestwielemeier.de\/?page_id=155","title":{"rendered":"Philosophie"},"content":{"rendered":"<section class=\"wpb-content-wrapper\"><p>[vc_row css=&#8220;.vc_custom_1438343814031{background-color: #edece4 !important;}&#8220;][vc_column width=&#8220;1\/3&#8243; css=&#8220;.vc_custom_1550008300560{margin-top: 0px !important;margin-right: 0px !important;margin-bottom: 0px !important;margin-left: 0px !important;border-top-width: 0px !important;border-right-width: 0px !important;border-bottom-width: 0px !important;border-left-width: 0px !important;padding-top: 0px !important;padding-right: 0px !important;padding-bottom: 0px !important;padding-left: 0px !important;}&#8220;][vc_single_image image=&#8220;187&#8243; img_size=&#8220;full&#8220; alignment=&#8220;center&#8220; el_class=&#8220;imagefull&#8220;][\/vc_column][vc_column width=&#8220;2\/3&#8243;][vc_empty_space height=&#8220;20px&#8220;][vc_column_text el_class=&#8220;textblock&#8220; css=&#8220;.vc_custom_1463671431049{padding-top: 20px !important;padding-right: 20px !important;}&#8220;]<\/p>\n<h1 class=\"redhead\">Kein Stein wie der andere.<\/h1>\n<p>Herzlich willkommen auf meiner Webseite, mein Name ist Johannes Twielemeier und ich bin Steinmetz &amp; Bildhauermeister. Seit 2009 entstehen in meiner Werkstatt in Aachen anspruchsvolle Steinarbeiten, die alle so unterschiedlich sind wie die Aufgaben, die mir bisher anvertraut wurden. Jedes St\u00fcck ein Unikat, mit Sorgfalt entworfen und mit viel Liebe zum Detail angefertigt.<\/p>\n<p>Auf den folgenden Seiten m\u00f6chte ich Ihnen eine Auswahl der bisher entstandenen Arbeiten vorstellen. Den Schwerpunkt meiner Arbeit bilden pers\u00f6nliche Grabmale, aber Sie finden\u00a0hier auch Steinobjekte f\u00fcr Ihren Garten oder Projekte, die ich f\u00fcr den \u00f6ffentlichen Raum realisiert habe. Ich arbeite ausschlie\u00dflich mit Natursteinen aus Deutschland oder dem europ\u00e4ischen Ausland, Handelsware aus Indien oder China verwende ich nicht.<\/p>\n<p>Unter dem <a href=\"http:\/\/m.brf.be\/viaeuregio\/608674\/\" target=\"_blank\">folgenden Link<\/a>\u00a0sehen\u00a0Sie einen kurzen Film \u00fcber meine Arbeit und ich w\u00fcrde mich freuen, wenn Sie die ein oder andere Steinarbeit zu einer Kontaktaufnahme inspiriert, auch wenn Sie nicht aus dem Raum Aachen kommen.[\/vc_column_text][\/vc_column][\/vc_row]<\/p>\n<\/section>","protected":false},"excerpt":{"rendered":"<p>[vc_row css=&#8220;.vc_custom_1438343814031{background-color: #edece4 !important;}&#8220;][vc_column width=&#8220;1\/3&#8243; css=&#8220;.vc_custom_1550008300560{margin-top: 0px !important;margin-right: 0px !important;margin-bottom: 0px !important;margin-left: 0px !important;border-top-width: 0px !important;border-right-width:&hellip;<\/p>\n","protected":false},"author":1,"featured_media":0,"parent":0,"menu_order":0,"comment_status":"closed","ping_status":"open","template":"","meta":[],"_links":{"self":[{"href":"https:\/\/johannestwielemeier.de\/index.php?rest_route=\/wp\/v2\/pages\/155"}],"collection":[{"href":"https:\/\/johannestwielemeier.de\/index.php?rest_route=\/wp\/v2\/pages"}],"about":[{"href":"https:\/\/johannestwielemeier.de\/index.php?rest_route=\/wp\/v2\/types\/page"}],"author":[{"embeddable":true,"href":"https:\/\/johannestwielemeier.de\/index.php?rest_route=\/wp\/v2\/users\/1"}],"replies":[{"embeddable":true,"href":"https:\/\/johannestwielemeier.de\/index.php?rest_route=%2Fwp%2Fv2%2Fcomments&post=155"}],"version-history":[{"count":18,"href":"https:\/\/johannestwielemeier.de\/index.php?rest_route=\/wp\/v2\/pages\/155\/revisions"}],"predecessor-version":[{"id":908,"href":"https:\/\/johannestwielemeier.de\/index.php?rest_route=\/wp\/v2\/pages\/155\/revisions\/908"}],"wp:attachment":[{"href":"https:\/\/johannestwielemeier.de\/index.php?rest_route=%2Fwp%2Fv2%2Fmedia&parent=155"}],"curies":[{"name":"wp","href":"https:\/\/api.w.org\/{rel}","templated":true}]}}